{"id":1682,"date":"2015-08-06T08:06:51","date_gmt":"2015-08-06T06:06:51","guid":{"rendered":"https:\/\/tokajregion.sk\/en\/?page_id=1682"},"modified":"2021-02-09T21:57:53","modified_gmt":"2021-02-09T19:57:53","slug":"gastronomy","status":"publish","type":"page","link":"https:\/\/tokajregion.sk\/en\/gastronomy\/","title":{"rendered":"Gastronomy"},"content":{"rendered":"<div class=\"fusion-one-full fusion-layout-column fusion-column-last fusion-spacing-yes\" style=\"margin-top:0px;margin-bottom:20px;\"><div class=\"fusion-column-wrapper\" style=\"background:url(https:\/\/tokajregion.sk\/en\/wp-content\/uploads\/2015\/08\/vb.jpg) left top no-repeat ;-webkit-background-size:cover;-moz-background-size:cover;-o-background-size:cover;background-size:cover;\" data-bg-url=\"https:\/\/tokajregion.sk\/en\/wp-content\/uploads\/2015\/08\/vb.jpg\"><div class=\"fusion-clearfix\"><\/div><\/div><\/div><div class=\"fusion-clearfix\"><\/div><div class=\"fusion-one-sixth fusion-layout-column fusion-spacing-yes\" style=\"margin-top:0px;margin-bottom:20px;\"><div class=\"fusion-column-wrapper\"><div class=\"fusion-clearfix\"><\/div><\/div><\/div><div class=\"fusion-two-third fusion-layout-column fusion-spacing-yes\" style=\"margin-top:0px;margin-bottom:20px;\"><div class=\"fusion-column-wrapper\"><p>Good and tasty food in which local people still placed a piece of their heart. In the Tokaj wine region, you can choose from restaurants where real chefs cook or taste local specialties in a traditional family environment. Choose a village where you want to enjoy delicious food, each of them hiding a unique treasure on a plate.<\/p>\n<div class=\"fusion-clearfix\"><\/div><\/div><\/div><div class=\"fusion-one-sixth fusion-layout-column fusion-column-last fusion-spacing-yes\" style=\"margin-top:0px;margin-bottom:20px;\"><div class=\"fusion-column-wrapper\"><div class=\"fusion-clearfix\"><\/div><\/div><\/div><div class=\"fusion-clearfix\"><\/div><div class=\"fusion-one-sixth fusion-layout-column fusion-spacing-yes\" style=\"margin-top:0px;margin-bottom:20px;\"><div class=\"fusion-column-wrapper\"><div class=\"fusion-clearfix\"><\/div><\/div><\/div><div class=\"fusion-two-third fusion-layout-column fusion-spacing-yes\" style=\"margin-top:0px;margin-bottom:20px;\"><div class=\"fusion-column-wrapper\"><div class=\"dedinky\">\n<p><a href=\"https:\/\/tokajregion.sk\/en\/portfolio_tags\/gastronomy-mala-trna\/\"><img src=\"\/wp-content\/themes\/Avada-Child-Theme\/images\/obce\/mala-trna.png\" alt=\"mala-trna\" \/>Mal\u00e1 T\u0155\u0148a<\/a><\/p>\n<p><a href=\"https:\/\/tokajregion.sk\/en\/portfolio_tags\/gastronomy-velaty\/\"><img src=\"\/wp-content\/themes\/Avada-Child-Theme\/images\/obce\/velaty.png\" alt=\"trebisov\" \/>Ve\u013eaty<\/a><\/p>\n<p><a href=\"https:\/\/tokajregion.sk\/en\/portfolio_tags\/gastronomy-velka-trna\/\"><img src=\"\/wp-content\/themes\/Avada-Child-Theme\/images\/obce\/velka-trna.png\" alt=\"velka-trna\" \/>Ve\u013ek\u00e1 T\u0155\u0148a<\/a><\/p>\n<p><a href=\"https:\/\/tokajregion.sk\/en\/portfolio_tags\/gastronomy-vinicky\/\"><img src=\"\/wp-content\/themes\/Avada-Child-Theme\/images\/obce\/vinicky.png\" alt=\"vinicky\" \/>Vini\u010dky<\/a><\/p>\n<p><a href=\"https:\/\/tokajregion.sk\/en\/portfolio_category\/gastronomy\/\"><img loading=\"lazy\" class=\"alignnone size-full wp-image-1794\" src=\"https:\/\/tokajregion.sk\/en\/wp-content\/uploads\/2015\/08\/vsetko.png\" alt=\"vsetko\" width=\"64\" height=\"64\" \/>All<\/a><\/p>\n<\/div>\n<div class=\"fusion-clearfix\"><\/div><\/div><\/div><div class=\"fusion-one-sixth fusion-layout-column fusion-column-last fusion-spacing-yes\" style=\"margin-top:0px;margin-bottom:20px;\"><div class=\"fusion-column-wrapper\"><div class=\"fusion-clearfix\"><\/div><\/div><\/div><div class=\"fusion-clearfix\"><\/div>\n","protected":false},"excerpt":{"rendered":"","protected":false},"author":1,"featured_media":2275,"parent":0,"menu_order":0,"comment_status":"open","ping_status":"open","template":"100-width.php","meta":[],"yoast_head":"<!-- This site is optimized with the Yoast SEO plugin v16.1.1 - https:\/\/yoast.com\/wordpress\/plugins\/seo\/ -->\n<meta name=\"description\" content=\"Good and tasty food in which local people still placed a piece of their heart.In the Tokaj wine region, you can choose from restaurants or taste specialties\" \/>\n<link rel=\"canonical\" href=\"https:\/\/tokajregion.sk\/en\/gastronomy\/\" \/>\n<meta property=\"og:locale\" content=\"en_US\" \/>\n<meta property=\"og:type\" content=\"article\" \/>\n<meta property=\"og:title\" content=\"Gastronomy - Tokaj\" \/>\n<meta property=\"og:description\" content=\"Good and tasty food in which local people still placed a piece of their heart.In the Tokaj wine region, you can choose from restaurants or taste specialties\" \/>\n<meta property=\"og:url\" content=\"https:\/\/tokajregion.sk\/en\/gastronomy\/\" \/>\n<meta property=\"og:site_name\" content=\"Tokaj\" \/>\n<meta property=\"article:modified_time\" content=\"2021-02-09T19:57:53+00:00\" \/>\n<meta property=\"og:image\" content=\"https:\/\/tokajregion.sk\/en\/wp-content\/uploads\/2015\/08\/20_tokajco1.jpg\" \/>\n\t<meta property=\"og:image:width\" content=\"380\" \/>\n\t<meta property=\"og:image:height\" content=\"250\" \/>\n<meta name=\"twitter:card\" content=\"summary\" \/>\n<meta name=\"twitter:label1\" content=\"Est. reading time\">\n\t<meta name=\"twitter:data1\" content=\"2 minutes\">\n<script type=\"application\/ld+json\" class=\"yoast-schema-graph\">{\"@context\":\"https:\/\/schema.org\",\"@graph\":[{\"@type\":\"WebSite\",\"@id\":\"https:\/\/tokajregion.sk\/en\/#website\",\"url\":\"https:\/\/tokajregion.sk\/en\/\",\"name\":\"Tokaj\",\"description\":\"is the only one\",\"potentialAction\":[{\"@type\":\"SearchAction\",\"target\":\"https:\/\/tokajregion.sk\/en\/?s={search_term_string}\",\"query-input\":\"required name=search_term_string\"}],\"inLanguage\":\"\"},{\"@type\":\"ImageObject\",\"@id\":\"https:\/\/tokajregion.sk\/en\/gastronomy\/#primaryimage\",\"inLanguage\":\"\",\"url\":\"https:\/\/tokajregion.sk\/en\/wp-content\/uploads\/2015\/08\/20_tokajco1.jpg\",\"contentUrl\":\"https:\/\/tokajregion.sk\/en\/wp-content\/uploads\/2015\/08\/20_tokajco1.jpg\",\"width\":380,\"height\":250},{\"@type\":\"WebPage\",\"@id\":\"https:\/\/tokajregion.sk\/en\/gastronomy\/#webpage\",\"url\":\"https:\/\/tokajregion.sk\/en\/gastronomy\/\",\"name\":\"Gastronomy - Tokaj\",\"isPartOf\":{\"@id\":\"https:\/\/tokajregion.sk\/en\/#website\"},\"primaryImageOfPage\":{\"@id\":\"https:\/\/tokajregion.sk\/en\/gastronomy\/#primaryimage\"},\"datePublished\":\"2015-08-06T06:06:51+00:00\",\"dateModified\":\"2021-02-09T19:57:53+00:00\",\"description\":\"Good and tasty food in which local people still placed a piece of their heart.In the Tokaj wine region, you can choose from restaurants or taste specialties\",\"breadcrumb\":{\"@id\":\"https:\/\/tokajregion.sk\/en\/gastronomy\/#breadcrumb\"},\"inLanguage\":\"\",\"potentialAction\":[{\"@type\":\"ReadAction\",\"target\":[\"https:\/\/tokajregion.sk\/en\/gastronomy\/\"]}]},{\"@type\":\"BreadcrumbList\",\"@id\":\"https:\/\/tokajregion.sk\/en\/gastronomy\/#breadcrumb\",\"itemListElement\":[{\"@type\":\"ListItem\",\"position\":1,\"item\":{\"@type\":\"WebPage\",\"@id\":\"https:\/\/tokajregion.sk\/en\/\",\"url\":\"https:\/\/tokajregion.sk\/en\/\",\"name\":\"Domovsk\\u00e1 str\\u00e1nka\"}},{\"@type\":\"ListItem\",\"position\":2,\"item\":{\"@type\":\"WebPage\",\"@id\":\"https:\/\/tokajregion.sk\/en\/gastronomy\/\",\"url\":\"https:\/\/tokajregion.sk\/en\/gastronomy\/\",\"name\":\"Gastronomy\"}}]}]}<\/script>\n<!-- \/ Yoast SEO plugin. -->","_links":{"self":[{"href":"https:\/\/tokajregion.sk\/en\/wp-json\/wp\/v2\/pages\/1682"}],"collection":[{"href":"https:\/\/tokajregion.sk\/en\/wp-json\/wp\/v2\/pages"}],"about":[{"href":"https:\/\/tokajregion.sk\/en\/wp-json\/wp\/v2\/types\/page"}],"author":[{"embeddable":true,"href":"https:\/\/tokajregion.sk\/en\/wp-json\/wp\/v2\/users\/1"}],"replies":[{"embeddable":true,"href":"https:\/\/tokajregion.sk\/en\/wp-json\/wp\/v2\/comments?post=1682"}],"version-history":[{"count":31,"href":"https:\/\/tokajregion.sk\/en\/wp-json\/wp\/v2\/pages\/1682\/revisions"}],"predecessor-version":[{"id":2955,"href":"https:\/\/tokajregion.sk\/en\/wp-json\/wp\/v2\/pages\/1682\/revisions\/2955"}],"wp:featuredmedia":[{"embeddable":true,"href":"https:\/\/tokajregion.sk\/en\/wp-json\/wp\/v2\/media\/2275"}],"wp:attachment":[{"href":"https:\/\/tokajregion.sk\/en\/wp-json\/wp\/v2\/media?parent=1682"}],"curies":[{"name":"wp","href":"https:\/\/api.w.org\/{rel}","templated":true}]}}