{"id":1688,"date":"2015-08-06T08:07:26","date_gmt":"2015-08-06T06:07:26","guid":{"rendered":"https:\/\/tokajregion.sk\/hu\/?page_id=1688"},"modified":"2015-12-29T12:02:02","modified_gmt":"2015-12-29T10:02:02","slug":"hogyan-juthat-el-hozzank","status":"publish","type":"page","link":"https:\/\/tokajregion.sk\/hu\/hogyan-juthat-el-hozzank\/","title":{"rendered":"Hogyan juthat el hozz\u00e1nk"},"content":{"rendered":"<h2 style=\"text-align: center;\">Szeretn\u00e9 megl\u00e1togatni a Tokaji borvid\u00e9ket, \u00e9s nem tudja, hol kezdje? Pr\u00f3b\u00e1lja meg a Turisztikai Inform\u00e1ci\u00f3s K\u00f6zpontn\u00e1l Cs\u00f6rg\u0151ben.<\/h2>\n<div class=\"fusion-sep-clear\"><\/div><div class=\"fusion-separator fusion-full-width-sep sep-none\" style=\"border-color:#e0dede;margin-left: auto;margin-right: auto;margin-top:10px;margin-bottom:10px;\"><\/div><div class=\"fusion-one-fourth fusion-layout-column fusion-spacing-yes\" style=\"margin-top:0px;margin-bottom:20px;\"><div class=\"fusion-column-wrapper\"><span class=\"fusion-imageframe imageframe-none imageframe-1 hover-type-none\"> <img alt=\"\" src=\"https:\/\/tokajregion.sk\/hu\/wp-content\/uploads\/2015\/08\/auto.png\" class=\"img-responsive\"\/><\/span><div class=\"fusion-clearfix\"><\/div><\/div><\/div><div class=\"fusion-three-fourth fusion-layout-column fusion-column-last fusion-spacing-yes\" style=\"margin-top:30px;margin-bottom:20px;\"><div class=\"fusion-column-wrapper\"><p style=\"text-align: center;\">Aut\u00f3val Kass\u00e1r\u00f3l Cs\u00f6rg\u0151be eljuthat a 552-es \u00faton Nagyszal\u00e1nc \u00e9s Als\u00f3mih\u00e1lyi fel\u00e9.<\/p>\n<p style=\"text-align: center;\"><span class=\"vyhladat-spoj\"><a href=\"https:\/\/www.google.sk\/maps\/dir\/\/48.464288,+21.647590\/\" target=\"_blank\">Navig\u00e1ci\u00f3<\/a><\/span><\/p>\n<div class=\"fusion-clearfix\"><\/div><\/div><\/div><div class=\"fusion-clearfix\"><\/div><div class=\"fusion-three-fifth fusion-layout-column fusion-spacing-yes\" style=\"margin-top:80px;margin-bottom:20px;\"><div class=\"fusion-column-wrapper\"><p style=\"text-align: center;\">A Tokaji borvid\u00e9kre utazhat vonattal \u00e9s aut\u00f3busszal is.<\/p>\n<p style=\"text-align: center;\"><span class=\"vyhladat-spoj\"><a href=\"http:\/\/www.cp.sk\/?t=%C4%8Cerhov\" target=\"_blank\">\u00d6sszek\u00f6ttet\u00e9s keres\u00e9se<\/a><\/span><\/p>\n<div class=\"fusion-clearfix\"><\/div><\/div><\/div><div class=\"fusion-two-fifth fusion-layout-column fusion-column-last fusion-spacing-yes\" style=\"margin-top:0px;margin-bottom:20px;\"><div class=\"fusion-column-wrapper\"><span class=\"fusion-imageframe imageframe-none imageframe-2 hover-type-none\"> <img alt=\"\" src=\"https:\/\/tokajregion.sk\/hu\/wp-content\/uploads\/2015\/08\/vlak-bus.png\" class=\"img-responsive\"\/><\/span><div class=\"fusion-clearfix\"><\/div><\/div><\/div><div class=\"fusion-clearfix\"><\/div><div class=\"fusion-one-fourth fusion-layout-column fusion-spacing-yes\" style=\"margin-top:0px;margin-bottom:20px;\"><div class=\"fusion-column-wrapper\"><span class=\"fusion-imageframe imageframe-none imageframe-3 hover-type-none\"> <img alt=\"\" src=\"https:\/\/tokajregion.sk\/hu\/wp-content\/uploads\/2015\/08\/cyklotruristika-akoknam.png\" class=\"img-responsive\"\/><\/span><div class=\"fusion-clearfix\"><\/div><\/div><\/div><div class=\"fusion-three-fourth fusion-layout-column fusion-column-last fusion-spacing-yes\" style=\"margin-top:30px;margin-bottom:20px;\"><div class=\"fusion-column-wrapper\"><p style=\"text-align: center;\">Vegye el\u0151 ker\u00e9kp\u00e1rj\u00e1t \u00e9s \u00e9lvezze az utaz\u00e1st v\u00e9gig a Tokaji borvid\u00e9ken.<\/p>\n<p style=\"text-align: center;\"><span class=\"vyhladat-spoj\"><a href=\"\/hu\/portfolio_category\/biciklitura\/\">Tov\u00e1bb a biciklitur\u00e1ra<\/a><\/span><\/p>\n<div class=\"fusion-clearfix\"><\/div><\/div><\/div><div class=\"fusion-clearfix\"><\/div><div class=\"fusion-sep-clear\"><\/div><div class=\"fusion-separator fusion-full-width-sep sep-none\" style=\"border-color:#e0dede;margin-left: auto;margin-right: auto;margin-top:10px;margin-bottom:10px;\"><\/div>\n","protected":false},"excerpt":{"rendered":"","protected":false},"author":1,"featured_media":2277,"parent":0,"menu_order":0,"comment_status":"open","ping_status":"open","template":"","meta":[],"yoast_head":"<!-- This site is optimized with the Yoast SEO plugin v16.1.1 - https:\/\/yoast.com\/wordpress\/plugins\/seo\/ -->\n<meta name=\"description\" content=\"Szeretn\u00e9 megl\u00e1togatni a tokaji borvid\u00e9ket, \u00e9s nem tudja, hol kezdje? Pr\u00f3b\u00e1lja meg a Turisztikai Inform\u00e1ci\u00f3s K\u00f6zpontn\u00e1l Cs\u00f6rg\u0151ben. Ak\u00e1r aut\u00f3val is eljuthat.\" \/>\n<link rel=\"canonical\" href=\"https:\/\/tokajregion.sk\/hu\/hogyan-juthat-el-hozzank\/\" \/>\n<meta property=\"og:locale\" content=\"sk_SK\" \/>\n<meta property=\"og:type\" content=\"article\" \/>\n<meta property=\"og:title\" content=\"Hogyan juthat el hozz\u00e1nk - Tokaj\" \/>\n<meta property=\"og:description\" content=\"Szeretn\u00e9 megl\u00e1togatni a tokaji borvid\u00e9ket, \u00e9s nem tudja, hol kezdje? Pr\u00f3b\u00e1lja meg a Turisztikai Inform\u00e1ci\u00f3s K\u00f6zpontn\u00e1l Cs\u00f6rg\u0151ben. Ak\u00e1r aut\u00f3val is eljuthat.\" \/>\n<meta property=\"og:url\" content=\"https:\/\/tokajregion.sk\/hu\/hogyan-juthat-el-hozzank\/\" \/>\n<meta property=\"og:site_name\" content=\"Tokaj\" \/>\n<meta property=\"article:modified_time\" content=\"2015-12-29T10:02:02+00:00\" \/>\n<meta property=\"og:image\" content=\"https:\/\/tokajregion.sk\/hu\/wp-content\/uploads\/2015\/08\/36_hatfa.jpg\" \/>\n\t<meta property=\"og:image:width\" content=\"380\" \/>\n\t<meta property=\"og:image:height\" content=\"250\" \/>\n<meta name=\"twitter:card\" content=\"summary\" \/>\n<meta name=\"twitter:label1\" content=\"Predpokladan\u00fd \u010das \u010d\u00edtania\">\n\t<meta name=\"twitter:data1\" content=\"3 min\u00faty\">\n<script type=\"application\/ld+json\" class=\"yoast-schema-graph\">{\"@context\":\"https:\/\/schema.org\",\"@graph\":[{\"@type\":\"WebSite\",\"@id\":\"https:\/\/tokajregion.sk\/hu\/#website\",\"url\":\"https:\/\/tokajregion.sk\/hu\/\",\"name\":\"Tokaj\",\"description\":\"csak egy van\",\"potentialAction\":[{\"@type\":\"SearchAction\",\"target\":\"https:\/\/tokajregion.sk\/hu\/?s={search_term_string}\",\"query-input\":\"required name=search_term_string\"}],\"inLanguage\":\"sk-SK\"},{\"@type\":\"ImageObject\",\"@id\":\"https:\/\/tokajregion.sk\/hu\/hogyan-juthat-el-hozzank\/#primaryimage\",\"inLanguage\":\"sk-SK\",\"url\":\"https:\/\/tokajregion.sk\/hu\/wp-content\/uploads\/2015\/08\/36_hatfa.jpg\",\"contentUrl\":\"https:\/\/tokajregion.sk\/hu\/wp-content\/uploads\/2015\/08\/36_hatfa.jpg\",\"width\":380,\"height\":250},{\"@type\":\"WebPage\",\"@id\":\"https:\/\/tokajregion.sk\/hu\/hogyan-juthat-el-hozzank\/#webpage\",\"url\":\"https:\/\/tokajregion.sk\/hu\/hogyan-juthat-el-hozzank\/\",\"name\":\"Hogyan juthat el hozz\\u00e1nk - Tokaj\",\"isPartOf\":{\"@id\":\"https:\/\/tokajregion.sk\/hu\/#website\"},\"primaryImageOfPage\":{\"@id\":\"https:\/\/tokajregion.sk\/hu\/hogyan-juthat-el-hozzank\/#primaryimage\"},\"datePublished\":\"2015-08-06T06:07:26+00:00\",\"dateModified\":\"2015-12-29T10:02:02+00:00\",\"description\":\"Szeretn\\u00e9 megl\\u00e1togatni a tokaji borvid\\u00e9ket, \\u00e9s nem tudja, hol kezdje? Pr\\u00f3b\\u00e1lja meg a Turisztikai Inform\\u00e1ci\\u00f3s K\\u00f6zpontn\\u00e1l Cs\\u00f6rg\\u0151ben. Ak\\u00e1r aut\\u00f3val is eljuthat.\",\"breadcrumb\":{\"@id\":\"https:\/\/tokajregion.sk\/hu\/hogyan-juthat-el-hozzank\/#breadcrumb\"},\"inLanguage\":\"sk-SK\",\"potentialAction\":[{\"@type\":\"ReadAction\",\"target\":[\"https:\/\/tokajregion.sk\/hu\/hogyan-juthat-el-hozzank\/\"]}]},{\"@type\":\"BreadcrumbList\",\"@id\":\"https:\/\/tokajregion.sk\/hu\/hogyan-juthat-el-hozzank\/#breadcrumb\",\"itemListElement\":[{\"@type\":\"ListItem\",\"position\":1,\"item\":{\"@type\":\"WebPage\",\"@id\":\"https:\/\/tokajregion.sk\/hu\/\",\"url\":\"https:\/\/tokajregion.sk\/hu\/\",\"name\":\"Domovsk\\u00e1 str\\u00e1nka\"}},{\"@type\":\"ListItem\",\"position\":2,\"item\":{\"@type\":\"WebPage\",\"@id\":\"https:\/\/tokajregion.sk\/hu\/hogyan-juthat-el-hozzank\/\",\"url\":\"https:\/\/tokajregion.sk\/hu\/hogyan-juthat-el-hozzank\/\",\"name\":\"Hogyan juthat el hozz\\u00e1nk\"}}]}]}<\/script>\n<!-- \/ Yoast SEO plugin. -->","_links":{"self":[{"href":"https:\/\/tokajregion.sk\/hu\/wp-json\/wp\/v2\/pages\/1688"}],"collection":[{"href":"https:\/\/tokajregion.sk\/hu\/wp-json\/wp\/v2\/pages"}],"about":[{"href":"https:\/\/tokajregion.sk\/hu\/wp-json\/wp\/v2\/types\/page"}],"author":[{"embeddable":true,"href":"https:\/\/tokajregion.sk\/hu\/wp-json\/wp\/v2\/users\/1"}],"replies":[{"embeddable":true,"href":"https:\/\/tokajregion.sk\/hu\/wp-json\/wp\/v2\/comments?post=1688"}],"version-history":[{"count":46,"href":"https:\/\/tokajregion.sk\/hu\/wp-json\/wp\/v2\/pages\/1688\/revisions"}],"predecessor-version":[{"id":3006,"href":"https:\/\/tokajregion.sk\/hu\/wp-json\/wp\/v2\/pages\/1688\/revisions\/3006"}],"wp:featuredmedia":[{"embeddable":true,"href":"https:\/\/tokajregion.sk\/hu\/wp-json\/wp\/v2\/media\/2277"}],"wp:attachment":[{"href":"https:\/\/tokajregion.sk\/hu\/wp-json\/wp\/v2\/media?parent=1688"}],"curies":[{"name":"wp","href":"https:\/\/api.w.org\/{rel}","templated":true}]}}