{"id":2874,"date":"2015-10-22T15:16:51","date_gmt":"2015-10-22T13:16:51","guid":{"rendered":"https:\/\/tokajregion.sk\/hu\/?page_id=2874"},"modified":"2015-10-22T15:16:51","modified_gmt":"2015-10-22T13:16:51","slug":"rolunk","status":"publish","type":"page","link":"https:\/\/tokajregion.sk\/hu\/rolunk\/","title":{"rendered":"R\u00f3lunk"},"content":{"rendered":"<p>A Tokaji Bor\u00fat Egyes\u00fclet\u00e9nek int\u00e9zm\u00e9nyes\u00edt\u00e9se ut\u00e1n a tagok 2008 j\u00fanius 17.-\u00e9n \u00f6sszegy\u0171ltek a \u00fajhelyi m\u0171vel\u0151d\u00e9si h\u00e1zban az alakul\u00f3 k\u00f6zgy\u0171l\u00e9sen.<\/p>\n<p>Bor\u00e1szok, a tokaji telep\u00fcl\u00e9sek polg\u00e1rmesterei, ut\u00e1z\u00e1si irod\u00e1k k\u00e9pvisel\u0151i, a kassai ter\u00fcleti \u00d6nkorm\u00e1nyzat k\u00f6r\u00e9n bel\u00fcl kultur\u00e1lis szervezetek \u00e9s a civil szervezetek partners\u00e9get k\u00f6t\u00f6ttek egyes\u00fclet alap\u00edt\u00e1s\u00e1val. Kiv\u00e1lasztott\u00e1k az egyes\u00fclet szerveit \u00e9s eld\u00f6nt\u00f6tt\u00e9k, az \u00fajonnan l\u00e9trehozott Egyes\u00fclet tags\u00e1gi d\u00edj\u00e1t a 2008-as \u00e9vre.<br \/>\nAz egyes\u00fclet eln\u00f6ke Ing. Katarina Frigov\u00e1 lett a Tokaj &#038; Co. kft. igazgat\u00f3ja Kistorony\u00e1n.<\/p>\n<p>Regisztr\u00e1ci\u00f3 ut\u00e1n az Egyes\u00fclet tan\u00e1csi \u00fcl\u00e9s\u00e9n el\u0151k\u00e9sz\u00edtette a munkaterv\u00e9t a 2008-as \u00e9vre. Az \u00e9v sor\u00e1n pedig biztos\u00edtsa annak v\u00e9grehajt\u00e1s\u00e1t.<\/p>\n<p>Az egyik legfontosabb feladat a p\u00e9nz\u00fcgyi t\u00e1mogat\u00e1sok \u00e9s p\u00e1ly\u00e1zati lehet\u0151s\u00e9gek felhaszn\u00e1l\u00e1l\u00e1sa annak \u00e9rdek\u00e9ben, hogy vonz\u00f3bb\u00e1 tegye a Tokaji borvid\u00e9ket, tov\u00e1bb\u00e1 im\u00e1zs\u00e1nak jav\u00edt\u00e1sa, marketing, szolg\u00e1ltat\u00e1sok ny\u00fajt\u00e1sa \u00e9s ez\u00e1ltal n\u00f6velni a Tokaj kist\u00e9rs\u00e9g versenyel\u0151ny\u00e9t.<\/p>\n","protected":false},"excerpt":{"rendered":"<p>A Tokaji Bor\u00fat Egyes\u00fclet\u00e9nek int\u00e9zm\u00e9nyes\u00edt\u00e9se ut\u00e1n a tagok 2008 j\u00fanius 17.-\u00e9n \u00f6sszegy\u0171ltek a \u00fajhelyi m\u0171vel\u0151d\u00e9si h\u00e1zban az alakul\u00f3 k\u00f6zgy\u0171l\u00e9sen. Bor\u00e1szok, a tokaji telep\u00fcl\u00e9sek polg\u00e1rmesterei, ut\u00e1z\u00e1si irod\u00e1k k\u00e9pvisel\u0151i, a kassai ter\u00fcleti \u00d6nkorm\u00e1nyzat k\u00f6r\u00e9n bel\u00fcl kultur\u00e1lis szervezetek \u00e9s a civil szervezetek partners\u00e9get k\u00f6t\u00f6ttek egyes\u00fclet alap\u00edt\u00e1s\u00e1val. Kiv\u00e1lasztott\u00e1k az egyes\u00fclet szerveit \u00e9s eld\u00f6nt\u00f6tt\u00e9k, az \u00fajonnan l\u00e9trehozott Egyes\u00fclet tags\u00e1gi d\u00edj\u00e1t [&hellip;]<\/p>\n","protected":false},"author":1,"featured_media":0,"parent":0,"menu_order":0,"comment_status":"closed","ping_status":"closed","template":"","meta":[],"yoast_head":"<!-- This site is optimized with the Yoast SEO plugin v16.1.1 - https:\/\/yoast.com\/wordpress\/plugins\/seo\/ -->\n<link rel=\"canonical\" href=\"https:\/\/tokajregion.sk\/hu\/rolunk\/\" \/>\n<meta property=\"og:locale\" content=\"sk_SK\" \/>\n<meta property=\"og:type\" content=\"article\" \/>\n<meta property=\"og:title\" content=\"R\u00f3lunk - Tokaj\" \/>\n<meta property=\"og:description\" content=\"A Tokaji Bor\u00fat Egyes\u00fclet\u00e9nek int\u00e9zm\u00e9nyes\u00edt\u00e9se ut\u00e1n a tagok 2008 j\u00fanius 17.-\u00e9n \u00f6sszegy\u0171ltek a \u00fajhelyi m\u0171vel\u0151d\u00e9si h\u00e1zban az alakul\u00f3 k\u00f6zgy\u0171l\u00e9sen. Bor\u00e1szok, a tokaji telep\u00fcl\u00e9sek polg\u00e1rmesterei, ut\u00e1z\u00e1si irod\u00e1k k\u00e9pvisel\u0151i, a kassai ter\u00fcleti \u00d6nkorm\u00e1nyzat k\u00f6r\u00e9n bel\u00fcl kultur\u00e1lis szervezetek \u00e9s a civil szervezetek partners\u00e9get k\u00f6t\u00f6ttek egyes\u00fclet alap\u00edt\u00e1s\u00e1val. Kiv\u00e1lasztott\u00e1k az egyes\u00fclet szerveit \u00e9s eld\u00f6nt\u00f6tt\u00e9k, az \u00fajonnan l\u00e9trehozott Egyes\u00fclet tags\u00e1gi d\u00edj\u00e1t [&hellip;]\" \/>\n<meta property=\"og:url\" content=\"https:\/\/tokajregion.sk\/hu\/rolunk\/\" \/>\n<meta property=\"og:site_name\" content=\"Tokaj\" \/>\n<meta name=\"twitter:card\" content=\"summary\" \/>\n<meta name=\"twitter:label1\" content=\"Predpokladan\u00fd \u010das \u010d\u00edtania\">\n\t<meta name=\"twitter:data1\" content=\"1 min\u00fata\">\n<script type=\"application\/ld+json\" class=\"yoast-schema-graph\">{\"@context\":\"https:\/\/schema.org\",\"@graph\":[{\"@type\":\"WebSite\",\"@id\":\"https:\/\/tokajregion.sk\/hu\/#website\",\"url\":\"https:\/\/tokajregion.sk\/hu\/\",\"name\":\"Tokaj\",\"description\":\"csak egy van\",\"potentialAction\":[{\"@type\":\"SearchAction\",\"target\":\"https:\/\/tokajregion.sk\/hu\/?s={search_term_string}\",\"query-input\":\"required name=search_term_string\"}],\"inLanguage\":\"sk-SK\"},{\"@type\":\"WebPage\",\"@id\":\"https:\/\/tokajregion.sk\/hu\/rolunk\/#webpage\",\"url\":\"https:\/\/tokajregion.sk\/hu\/rolunk\/\",\"name\":\"R\\u00f3lunk - Tokaj\",\"isPartOf\":{\"@id\":\"https:\/\/tokajregion.sk\/hu\/#website\"},\"datePublished\":\"2015-10-22T13:16:51+00:00\",\"dateModified\":\"2015-10-22T13:16:51+00:00\",\"breadcrumb\":{\"@id\":\"https:\/\/tokajregion.sk\/hu\/rolunk\/#breadcrumb\"},\"inLanguage\":\"sk-SK\",\"potentialAction\":[{\"@type\":\"ReadAction\",\"target\":[\"https:\/\/tokajregion.sk\/hu\/rolunk\/\"]}]},{\"@type\":\"BreadcrumbList\",\"@id\":\"https:\/\/tokajregion.sk\/hu\/rolunk\/#breadcrumb\",\"itemListElement\":[{\"@type\":\"ListItem\",\"position\":1,\"item\":{\"@type\":\"WebPage\",\"@id\":\"https:\/\/tokajregion.sk\/hu\/\",\"url\":\"https:\/\/tokajregion.sk\/hu\/\",\"name\":\"Domovsk\\u00e1 str\\u00e1nka\"}},{\"@type\":\"ListItem\",\"position\":2,\"item\":{\"@type\":\"WebPage\",\"@id\":\"https:\/\/tokajregion.sk\/hu\/rolunk\/\",\"url\":\"https:\/\/tokajregion.sk\/hu\/rolunk\/\",\"name\":\"R\\u00f3lunk\"}}]}]}<\/script>\n<!-- \/ Yoast SEO plugin. -->","_links":{"self":[{"href":"https:\/\/tokajregion.sk\/hu\/wp-json\/wp\/v2\/pages\/2874"}],"collection":[{"href":"https:\/\/tokajregion.sk\/hu\/wp-json\/wp\/v2\/pages"}],"about":[{"href":"https:\/\/tokajregion.sk\/hu\/wp-json\/wp\/v2\/types\/page"}],"author":[{"embeddable":true,"href":"https:\/\/tokajregion.sk\/hu\/wp-json\/wp\/v2\/users\/1"}],"replies":[{"embeddable":true,"href":"https:\/\/tokajregion.sk\/hu\/wp-json\/wp\/v2\/comments?post=2874"}],"version-history":[{"count":1,"href":"https:\/\/tokajregion.sk\/hu\/wp-json\/wp\/v2\/pages\/2874\/revisions"}],"predecessor-version":[{"id":2875,"href":"https:\/\/tokajregion.sk\/hu\/wp-json\/wp\/v2\/pages\/2874\/revisions\/2875"}],"wp:attachment":[{"href":"https:\/\/tokajregion.sk\/hu\/wp-json\/wp\/v2\/media?parent=2874"}],"curies":[{"name":"wp","href":"https:\/\/api.w.org\/{rel}","templated":true}]}}