{"id":2876,"date":"2015-10-22T15:23:41","date_gmt":"2015-10-22T13:23:41","guid":{"rendered":"https:\/\/tokajregion.sk\/hu\/?page_id=2876"},"modified":"2016-01-07T11:20:44","modified_gmt":"2016-01-07T09:20:44","slug":"informacios-kozpontok","status":"publish","type":"page","link":"https:\/\/tokajregion.sk\/hu\/informacios-kozpontok\/","title":{"rendered":"Inform\u00e1ci\u00f3s k\u00f6zpontok"},"content":{"rendered":"<div class=\"fusion-one-full fusion-layout-column fusion-column-last fusion-spacing-yes\" style=\"margin-top:0px;margin-bottom:20px;\"><div class=\"fusion-column-wrapper\"><p>A Tokaji Bor\u00fat Egyes\u00fclet k\u00e9t inform\u00e1ci\u00f3s k\u00f6zponttal rendelkezik. Az els\u0151 Cs\u00f6rg\u0151 faluj\u00e1ban tal\u00e1lhat\u00f3 az \u00fajonnan \u00e9p\u00fclt \u00e9p\u00fcletben \u00e9s az egyes\u00fclet \u00fczemelteti. A m\u00e1sodik T\u0151keterebesben lelhet\u0151 fel a m\u00fazeum \u00e9p\u00fclet\u00e9ben, amely tulajdonosa szint\u00e9n a Tokaji bor\u00fat Egyes\u00fclet.<\/p>\n<div class=\"fusion-clearfix\"><\/div><\/div><\/div><div class=\"fusion-clearfix\"><\/div><div class=\"fusion-one-half fusion-layout-column fusion-spacing-yes\" style=\"margin-top:0px;margin-bottom:20px;\"><div class=\"fusion-column-wrapper\"><h2 data-fontsize=\"20\" data-lineheight=\"28\">Inform\u00e1ci\u00f3s k\u00f6zpont Cs\u00f6rg\u0151ben<\/h2>\n<p>Tokaj Turisztikai Inform\u00e1ci\u00f3s Iroda<br \/>\nDlh\u00e1 230, 076 81 Cs\u00f6rg\u0151<br \/>\nTel.: +421 905 212 421<br \/>\nEmail: <a href=\"mailto:tic@tvc.sk\">tic@tvc.sk<\/a>, <a href=\"mailto:info@tokajregion.sk\">info@tokajregion.sk<\/a><br \/>\nWeb: <a href=\"http:\/\/www.tokajregion.sk\">www.tokajregion.sk<\/a><\/p>\n<div class=\"fusion-clearfix\"><\/div><\/div><\/div><div class=\"fusion-one-half fusion-layout-column fusion-column-last fusion-spacing-yes\" style=\"margin-top:0px;margin-bottom:20px;\"><div class=\"fusion-column-wrapper\"><span class=\"fusion-imageframe imageframe-none imageframe-1 hover-type-none\"><a class=\"fusion-no-lightbox\" href=\"https:\/\/tokajregion.sk\/hu\/erdeklodesi-pont\/a-tokaji-turisztikai-informacios-kozpont\" target=\"_self\"> <img alt=\"\" src=\"https:\/\/tokajregion.sk\/hu\/wp-content\/uploads\/2015\/07\/7infokanc.jpg\" class=\"img-responsive\"\/><\/a><\/span><div class=\"fusion-sep-clear\"><\/div><div class=\"fusion-separator fusion-full-width-sep sep-none\" style=\"border-color:#e0dede;margin-left: auto;margin-right: auto;margin-top:px;\"><\/div>\t\t\t<script type=\"text\/javascript\">\n\t\t\t\tvar map_fusion_map_69ebe5a29aab6;\n\t\t\t\tvar markers = [];\n\t\t\t\tvar counter = 0;\n\t\t\t\tfunction fusion_run_map_fusion_map_69ebe5a29aab6() {\n\t\t\t\t\tjQuery('#fusion_map_69ebe5a29aab6').fusion_maps({\n\t\t\t\t\t\taddresses: [{\"address\":\"48.464300, 21.647531\",\"infobox_content\":\"48.464300, 21.647531\",\"coordinates\":false,\"cache\":true,\"latitude\":\"48.4642957\",\"longitude\":\"21.64745849999997\"}],\n\t\t\t\t\t\tanimations: true,\n\t\t\t\t\t\tinfobox_background_color: '',\n\t\t\t\t\t\tinfobox_styling: 'default',\n\t\t\t\t\t\tinfobox_text_color: '',\n\t\t\t\t\t\tmap_style: 'default',\n\t\t\t\t\t\tmap_type: 'roadmap',\n\t\t\t\t\t\tmarker_icon: '',\n\t\t\t\t\t\toverlay_color: '',\n\t\t\t\t\t\toverlay_color_hsl: {\"hue\":0,\"sat\":0,\"lum\":6},\n\t\t\t\t\t\tpan_control: true,\n\t\t\t\t\t\tshow_address: false,\n\t\t\t\t\t\tscale_control: true,\n\t\t\t\t\t\tscrollwheel: true,\n\t\t\t\t\t\tzoom: 14,\n\t\t\t\t\t\tzoom_control: true,\n\t\t\t\t\t});\n\t\t\t\t}\n\n\t\t\t\tgoogle.maps.event.addDomListener(window, 'load', fusion_run_map_fusion_map_69ebe5a29aab6);\n\t\t\t<\/script>\n\t\t\t<div class=\"shortcode-map fusion-google-map\" id=\"fusion_map_69ebe5a29aab6\" style=\"height:205px;width:100%;\"><\/div><div class=\"fusion-clearfix\"><\/div><\/div><\/div><div class=\"fusion-clearfix\"><\/div><div class=\"fusion-one-half fusion-layout-column fusion-spacing-yes\" style=\"margin-top:0px;margin-bottom:20px;\"><div class=\"fusion-column-wrapper\"><h2 data-fontsize=\"20\" data-lineheight=\"28\">Inform\u00e1ci\u00f3s k\u00f6zpont T\u0151keterebesben<\/h2>\n<p>M\u00fazeum T\u0151keterebesben<br \/>\nD\u00e9l Zempl\u00e9n Kultur\u00e1lis K\u00f6zpontja<br \/>\nM. R. \u0160tef\u00e1nika 257\/65, 075 01 T\u0151keterebes<br \/>\nTel.: +421 56 672 2234, +421 56 672 2781<br \/>\nEmail: <a href=\"mailto:muzeumlektorky@gmail.com\">muzeumlektorky@gmail.com<\/a><br \/>\nWeb: <a href=\"http:\/\/www.muzeumtv.sk\/tokajska-vinna-cesta\">www.muzeumtv.sk<\/a><\/p>\n<div class=\"fusion-clearfix\"><\/div><\/div><\/div><div class=\"fusion-one-half fusion-layout-column fusion-column-last fusion-spacing-yes\" style=\"margin-top:0px;margin-bottom:20px;\"><div class=\"fusion-column-wrapper\"><span class=\"fusion-imageframe imageframe-none imageframe-2 hover-type-none\"><a class=\"fusion-no-lightbox\" href=\"https:\/\/tokajregion.sk\/hu\/erdeklodesi-pont\/muzeum-es-kulturalis-kozpont-toketerebesen\" target=\"_self\"> <img alt=\"\" src=\"https:\/\/tokajregion.sk\/hu\/wp-content\/uploads\/2015\/07\/45muzeum1.jpg\" class=\"img-responsive\"\/><\/a><\/span><div class=\"fusion-sep-clear\"><\/div><div class=\"fusion-separator fusion-full-width-sep sep-none\" style=\"border-color:#e0dede;margin-left: auto;margin-right: auto;margin-top:px;\"><\/div>\t\t\t<script type=\"text\/javascript\">\n\t\t\t\tvar map_fusion_map_69ebe5a29bae5;\n\t\t\t\tvar markers = [];\n\t\t\t\tvar counter = 0;\n\t\t\t\tfunction fusion_run_map_fusion_map_69ebe5a29bae5() {\n\t\t\t\t\tjQuery('#fusion_map_69ebe5a29bae5').fusion_maps({\n\t\t\t\t\t\taddresses: [{\"address\":\"48.61969, 21.72094\",\"infobox_content\":\"48.61969, 21.72094\",\"coordinates\":false,\"cache\":true,\"latitude\":\"48.6197115\",\"longitude\":\"21.72098989999995\"}],\n\t\t\t\t\t\tanimations: true,\n\t\t\t\t\t\tinfobox_background_color: '',\n\t\t\t\t\t\tinfobox_styling: 'default',\n\t\t\t\t\t\tinfobox_text_color: '',\n\t\t\t\t\t\tmap_style: 'default',\n\t\t\t\t\t\tmap_type: 'roadmap',\n\t\t\t\t\t\tmarker_icon: '',\n\t\t\t\t\t\toverlay_color: '',\n\t\t\t\t\t\toverlay_color_hsl: {\"hue\":0,\"sat\":0,\"lum\":6},\n\t\t\t\t\t\tpan_control: true,\n\t\t\t\t\t\tshow_address: false,\n\t\t\t\t\t\tscale_control: true,\n\t\t\t\t\t\tscrollwheel: true,\n\t\t\t\t\t\tzoom: 14,\n\t\t\t\t\t\tzoom_control: true,\n\t\t\t\t\t});\n\t\t\t\t}\n\n\t\t\t\tgoogle.maps.event.addDomListener(window, 'load', fusion_run_map_fusion_map_69ebe5a29bae5);\n\t\t\t<\/script>\n\t\t\t<div class=\"shortcode-map fusion-google-map\" id=\"fusion_map_69ebe5a29bae5\" style=\"height:205px;width:100%;\"><\/div><div class=\"fusion-clearfix\"><\/div><\/div><\/div><div class=\"fusion-clearfix\"><\/div>\n","protected":false},"excerpt":{"rendered":"","protected":false},"author":1,"featured_media":0,"parent":0,"menu_order":0,"comment_status":"closed","ping_status":"closed","template":"","meta":[],"yoast_head":"<!-- This site is optimized with the Yoast SEO plugin v16.1.1 - https:\/\/yoast.com\/wordpress\/plugins\/seo\/ -->\n<link rel=\"canonical\" href=\"https:\/\/tokajregion.sk\/hu\/informacios-kozpontok\/\" \/>\n<meta property=\"og:locale\" content=\"sk_SK\" \/>\n<meta property=\"og:type\" content=\"article\" \/>\n<meta property=\"og:title\" content=\"Inform\u00e1ci\u00f3s k\u00f6zpontok - Tokaj\" \/>\n<meta property=\"og:url\" content=\"https:\/\/tokajregion.sk\/hu\/informacios-kozpontok\/\" \/>\n<meta property=\"og:site_name\" content=\"Tokaj\" \/>\n<meta property=\"article:modified_time\" content=\"2016-01-07T09:20:44+00:00\" \/>\n<meta property=\"og:image\" content=\"https:\/\/tokajregion.sk\/hu\/wp-content\/uploads\/2015\/07\/7infokanc.jpg\" \/>\n<meta name=\"twitter:card\" content=\"summary\" \/>\n<meta name=\"twitter:label1\" content=\"Predpokladan\u00fd \u010das \u010d\u00edtania\">\n\t<meta name=\"twitter:data1\" content=\"3 min\u00faty\">\n<script type=\"application\/ld+json\" class=\"yoast-schema-graph\">{\"@context\":\"https:\/\/schema.org\",\"@graph\":[{\"@type\":\"WebSite\",\"@id\":\"https:\/\/tokajregion.sk\/hu\/#website\",\"url\":\"https:\/\/tokajregion.sk\/hu\/\",\"name\":\"Tokaj\",\"description\":\"csak egy van\",\"potentialAction\":[{\"@type\":\"SearchAction\",\"target\":\"https:\/\/tokajregion.sk\/hu\/?s={search_term_string}\",\"query-input\":\"required name=search_term_string\"}],\"inLanguage\":\"sk-SK\"},{\"@type\":\"ImageObject\",\"@id\":\"https:\/\/tokajregion.sk\/hu\/informacios-kozpontok\/#primaryimage\",\"inLanguage\":\"sk-SK\",\"url\":\"https:\/\/tokajregion.sk\/hu\/wp-content\/uploads\/2015\/07\/7infokanc.jpg\",\"contentUrl\":\"https:\/\/tokajregion.sk\/hu\/wp-content\/uploads\/2015\/07\/7infokanc.jpg\",\"width\":1920,\"height\":1100},{\"@type\":\"WebPage\",\"@id\":\"https:\/\/tokajregion.sk\/hu\/informacios-kozpontok\/#webpage\",\"url\":\"https:\/\/tokajregion.sk\/hu\/informacios-kozpontok\/\",\"name\":\"Inform\\u00e1ci\\u00f3s k\\u00f6zpontok - Tokaj\",\"isPartOf\":{\"@id\":\"https:\/\/tokajregion.sk\/hu\/#website\"},\"primaryImageOfPage\":{\"@id\":\"https:\/\/tokajregion.sk\/hu\/informacios-kozpontok\/#primaryimage\"},\"datePublished\":\"2015-10-22T13:23:41+00:00\",\"dateModified\":\"2016-01-07T09:20:44+00:00\",\"breadcrumb\":{\"@id\":\"https:\/\/tokajregion.sk\/hu\/informacios-kozpontok\/#breadcrumb\"},\"inLanguage\":\"sk-SK\",\"potentialAction\":[{\"@type\":\"ReadAction\",\"target\":[\"https:\/\/tokajregion.sk\/hu\/informacios-kozpontok\/\"]}]},{\"@type\":\"BreadcrumbList\",\"@id\":\"https:\/\/tokajregion.sk\/hu\/informacios-kozpontok\/#breadcrumb\",\"itemListElement\":[{\"@type\":\"ListItem\",\"position\":1,\"item\":{\"@type\":\"WebPage\",\"@id\":\"https:\/\/tokajregion.sk\/hu\/\",\"url\":\"https:\/\/tokajregion.sk\/hu\/\",\"name\":\"Domovsk\\u00e1 str\\u00e1nka\"}},{\"@type\":\"ListItem\",\"position\":2,\"item\":{\"@type\":\"WebPage\",\"@id\":\"https:\/\/tokajregion.sk\/hu\/informacios-kozpontok\/\",\"url\":\"https:\/\/tokajregion.sk\/hu\/informacios-kozpontok\/\",\"name\":\"Inform\\u00e1ci\\u00f3s k\\u00f6zpontok\"}}]}]}<\/script>\n<!-- \/ Yoast SEO plugin. -->","_links":{"self":[{"href":"https:\/\/tokajregion.sk\/hu\/wp-json\/wp\/v2\/pages\/2876"}],"collection":[{"href":"https:\/\/tokajregion.sk\/hu\/wp-json\/wp\/v2\/pages"}],"about":[{"href":"https:\/\/tokajregion.sk\/hu\/wp-json\/wp\/v2\/types\/page"}],"author":[{"embeddable":true,"href":"https:\/\/tokajregion.sk\/hu\/wp-json\/wp\/v2\/users\/1"}],"replies":[{"embeddable":true,"href":"https:\/\/tokajregion.sk\/hu\/wp-json\/wp\/v2\/comments?post=2876"}],"version-history":[{"count":6,"href":"https:\/\/tokajregion.sk\/hu\/wp-json\/wp\/v2\/pages\/2876\/revisions"}],"predecessor-version":[{"id":3009,"href":"https:\/\/tokajregion.sk\/hu\/wp-json\/wp\/v2\/pages\/2876\/revisions\/3009"}],"wp:attachment":[{"href":"https:\/\/tokajregion.sk\/hu\/wp-json\/wp\/v2\/media?parent=2876"}],"curies":[{"name":"wp","href":"https:\/\/api.w.org\/{rel}","templated":true}]}}