{"id":3012,"date":"2016-01-07T11:38:24","date_gmt":"2016-01-07T09:38:24","guid":{"rendered":"https:\/\/tokajregion.sk\/hu\/?page_id=3012"},"modified":"2016-01-28T12:43:19","modified_gmt":"2016-01-28T10:43:19","slug":"ajanlatok-es-csomagok","status":"publish","type":"page","link":"https:\/\/tokajregion.sk\/hu\/ajanlatok-es-csomagok\/","title":{"rendered":"Aj\u00e1nlatok \u00e9s Csomagok"},"content":{"rendered":"<div class=\"fusion-one-third one_third fusion-layout-column fusion-spacing-yes\" style=\"margin-top:0px;margin-bottom:20px;\"><div class=\"fusion-column-wrapper\"><span class=\"fusion-imageframe imageframe-none imageframe-1 hover-type-none\"> <img alt=\"\" src=\"\" class=\"img-responsive\"\/><\/span><div class=\"fusion-clearfix\"><\/div><\/div><\/div><div class=\"fusion-one-third one_third fusion-layout-column fusion-spacing-yes\" style=\"margin-top:0px;margin-bottom:20px;\"><div class=\"fusion-column-wrapper\"><div class=\"fusion-clearfix\"><\/div><\/div><\/div><div class=\"fusion-one-third one_third fusion-layout-column fusion-column-last fusion-spacing-yes\" style=\"margin-top:0px;margin-bottom:20px;\"><div class=\"fusion-column-wrapper\"><div class=\"fusion-clearfix\"><\/div><\/div><\/div><div class=\"fusion-clearfix\"><\/div>\n","protected":false},"excerpt":{"rendered":"","protected":false},"author":1,"featured_media":0,"parent":0,"menu_order":0,"comment_status":"closed","ping_status":"closed","template":"","meta":[],"yoast_head":"<!-- This site is optimized with the Yoast SEO plugin v16.1.1 - https:\/\/yoast.com\/wordpress\/plugins\/seo\/ -->\n<link rel=\"canonical\" href=\"https:\/\/tokajregion.sk\/hu\/ajanlatok-es-csomagok\/\" \/>\n<meta property=\"og:locale\" content=\"sk_SK\" \/>\n<meta property=\"og:type\" content=\"article\" \/>\n<meta property=\"og:title\" content=\"Aj\u00e1nlatok \u00e9s Csomagok - Tokaj\" \/>\n<meta property=\"og:url\" content=\"https:\/\/tokajregion.sk\/hu\/ajanlatok-es-csomagok\/\" \/>\n<meta property=\"og:site_name\" content=\"Tokaj\" \/>\n<meta property=\"article:modified_time\" content=\"2016-01-28T10:43:19+00:00\" \/>\n<meta name=\"twitter:card\" content=\"summary\" \/>\n<meta name=\"twitter:label1\" content=\"Predpokladan\u00fd \u010das \u010d\u00edtania\">\n\t<meta name=\"twitter:data1\" content=\"1 min\u00fata\">\n<script type=\"application\/ld+json\" class=\"yoast-schema-graph\">{\"@context\":\"https:\/\/schema.org\",\"@graph\":[{\"@type\":\"WebSite\",\"@id\":\"https:\/\/tokajregion.sk\/hu\/#website\",\"url\":\"https:\/\/tokajregion.sk\/hu\/\",\"name\":\"Tokaj\",\"description\":\"csak egy van\",\"potentialAction\":[{\"@type\":\"SearchAction\",\"target\":\"https:\/\/tokajregion.sk\/hu\/?s={search_term_string}\",\"query-input\":\"required name=search_term_string\"}],\"inLanguage\":\"sk-SK\"},{\"@type\":\"WebPage\",\"@id\":\"https:\/\/tokajregion.sk\/hu\/ajanlatok-es-csomagok\/#webpage\",\"url\":\"https:\/\/tokajregion.sk\/hu\/ajanlatok-es-csomagok\/\",\"name\":\"Aj\\u00e1nlatok \\u00e9s Csomagok - Tokaj\",\"isPartOf\":{\"@id\":\"https:\/\/tokajregion.sk\/hu\/#website\"},\"datePublished\":\"2016-01-07T09:38:24+00:00\",\"dateModified\":\"2016-01-28T10:43:19+00:00\",\"breadcrumb\":{\"@id\":\"https:\/\/tokajregion.sk\/hu\/ajanlatok-es-csomagok\/#breadcrumb\"},\"inLanguage\":\"sk-SK\",\"potentialAction\":[{\"@type\":\"ReadAction\",\"target\":[\"https:\/\/tokajregion.sk\/hu\/ajanlatok-es-csomagok\/\"]}]},{\"@type\":\"BreadcrumbList\",\"@id\":\"https:\/\/tokajregion.sk\/hu\/ajanlatok-es-csomagok\/#breadcrumb\",\"itemListElement\":[{\"@type\":\"ListItem\",\"position\":1,\"item\":{\"@type\":\"WebPage\",\"@id\":\"https:\/\/tokajregion.sk\/hu\/\",\"url\":\"https:\/\/tokajregion.sk\/hu\/\",\"name\":\"Domovsk\\u00e1 str\\u00e1nka\"}},{\"@type\":\"ListItem\",\"position\":2,\"item\":{\"@type\":\"WebPage\",\"@id\":\"https:\/\/tokajregion.sk\/hu\/ajanlatok-es-csomagok\/\",\"url\":\"https:\/\/tokajregion.sk\/hu\/ajanlatok-es-csomagok\/\",\"name\":\"Aj\\u00e1nlatok \\u00e9s Csomagok\"}}]}]}<\/script>\n<!-- \/ Yoast SEO plugin. -->","_links":{"self":[{"href":"https:\/\/tokajregion.sk\/hu\/wp-json\/wp\/v2\/pages\/3012"}],"collection":[{"href":"https:\/\/tokajregion.sk\/hu\/wp-json\/wp\/v2\/pages"}],"about":[{"href":"https:\/\/tokajregion.sk\/hu\/wp-json\/wp\/v2\/types\/page"}],"author":[{"embeddable":true,"href":"https:\/\/tokajregion.sk\/hu\/wp-json\/wp\/v2\/users\/1"}],"replies":[{"embeddable":true,"href":"https:\/\/tokajregion.sk\/hu\/wp-json\/wp\/v2\/comments?post=3012"}],"version-history":[{"count":2,"href":"https:\/\/tokajregion.sk\/hu\/wp-json\/wp\/v2\/pages\/3012\/revisions"}],"predecessor-version":[{"id":3031,"href":"https:\/\/tokajregion.sk\/hu\/wp-json\/wp\/v2\/pages\/3012\/revisions\/3031"}],"wp:attachment":[{"href":"https:\/\/tokajregion.sk\/hu\/wp-json\/wp\/v2\/media?parent=3012"}],"curies":[{"name":"wp","href":"https:\/\/api.w.org\/{rel}","templated":true}]}}