{"id":3020,"date":"2016-01-07T13:00:03","date_gmt":"2016-01-07T11:00:03","guid":{"rendered":"https:\/\/tokajregion.sk\/hu\/?page_id=3020"},"modified":"2016-02-25T08:54:31","modified_gmt":"2016-02-25T06:54:31","slug":"terkep-kalauz","status":"publish","type":"page","link":"https:\/\/tokajregion.sk\/hu\/terkep-kalauz\/","title":{"rendered":"T\u00e9rk\u00e9p kalauz"},"content":{"rendered":"<div class=\"fusion-fullwidth fullwidth-box fusion-fullwidth-1  fusion-parallax-none hundred-percent-fullwidth\" style=\"border-color:#eae9e9;border-bottom-width: 0px;border-top-width: 0px;border-bottom-style: solid;border-top-style: solid;padding-bottom:0px;padding-top:0px;padding-left:px;padding-right:px;background-color:#4d6a79;\"><style type=\"text\/css\" scoped=\"scoped\">.fusion-fullwidth-1 {\n                            padding-left: px !important;\n                            padding-right: px !important;\n                        }<\/style><div class=\"fusion-row\"><div class=\"planovac\"><a href=\"https:\/\/www.google.sk\/maps\/dir\/\/48.464288,+21.647590\/@48.4632021,21.6441849,1795m\/data=!3m1!1e3!4m9!4m8!1m0!1m5!1m1!1s0x0:0x0!2m2!1d21.64759!2d48.464288!3e2\" target=\"_blank\">\u00datvonal tervez\u00e9se<\/a><\/div>\n<div class=\"stiahnut-apku\"><a href=\"http:\/\/tokajregion.sk\/mobilna-aplikacia\" target=\"_blank\">Alkalmaz\u00e1s let\u00f6lt\u00e9s<\/a><\/div>\n<div class=\"otvorit-google\"><a href=\"https:\/\/www.google.com\/maps\/d\/viewer?mid=z7KWwa8I0FOY.koiLPIL1y0o8\" target=\"_blank\">Google megynyit\u00e1sa<\/a><\/div>\n<p><iframe loading=\"lazy\" src=\"https:\/\/www.google.com\/maps\/d\/embed?mid=z7KWwa8I0FOY.krxl1F1Lep2I\" width=\"100%\" height=\"750px\"><\/iframe><\/p>\n<\/div><\/div>\n","protected":false},"excerpt":{"rendered":"","protected":false},"author":1,"featured_media":0,"parent":0,"menu_order":0,"comment_status":"closed","ping_status":"closed","template":"100-width.php","meta":[],"yoast_head":"<!-- This site is optimized with the Yoast SEO plugin v16.1.1 - https:\/\/yoast.com\/wordpress\/plugins\/seo\/ -->\n<link rel=\"canonical\" href=\"https:\/\/tokajregion.sk\/hu\/terkep-kalauz\/\" \/>\n<meta property=\"og:locale\" content=\"sk_SK\" \/>\n<meta property=\"og:type\" content=\"article\" \/>\n<meta property=\"og:title\" content=\"T\u00e9rk\u00e9p kalauz - Tokaj\" \/>\n<meta property=\"og:url\" content=\"https:\/\/tokajregion.sk\/hu\/terkep-kalauz\/\" \/>\n<meta property=\"og:site_name\" content=\"Tokaj\" \/>\n<meta property=\"article:modified_time\" content=\"2016-02-25T06:54:31+00:00\" \/>\n<meta name=\"twitter:card\" content=\"summary\" \/>\n<script type=\"application\/ld+json\" class=\"yoast-schema-graph\">{\"@context\":\"https:\/\/schema.org\",\"@graph\":[{\"@type\":\"WebSite\",\"@id\":\"https:\/\/tokajregion.sk\/hu\/#website\",\"url\":\"https:\/\/tokajregion.sk\/hu\/\",\"name\":\"Tokaj\",\"description\":\"csak egy van\",\"potentialAction\":[{\"@type\":\"SearchAction\",\"target\":\"https:\/\/tokajregion.sk\/hu\/?s={search_term_string}\",\"query-input\":\"required name=search_term_string\"}],\"inLanguage\":\"sk-SK\"},{\"@type\":\"WebPage\",\"@id\":\"https:\/\/tokajregion.sk\/hu\/terkep-kalauz\/#webpage\",\"url\":\"https:\/\/tokajregion.sk\/hu\/terkep-kalauz\/\",\"name\":\"T\\u00e9rk\\u00e9p kalauz - Tokaj\",\"isPartOf\":{\"@id\":\"https:\/\/tokajregion.sk\/hu\/#website\"},\"datePublished\":\"2016-01-07T11:00:03+00:00\",\"dateModified\":\"2016-02-25T06:54:31+00:00\",\"breadcrumb\":{\"@id\":\"https:\/\/tokajregion.sk\/hu\/terkep-kalauz\/#breadcrumb\"},\"inLanguage\":\"sk-SK\",\"potentialAction\":[{\"@type\":\"ReadAction\",\"target\":[\"https:\/\/tokajregion.sk\/hu\/terkep-kalauz\/\"]}]},{\"@type\":\"BreadcrumbList\",\"@id\":\"https:\/\/tokajregion.sk\/hu\/terkep-kalauz\/#breadcrumb\",\"itemListElement\":[{\"@type\":\"ListItem\",\"position\":1,\"item\":{\"@type\":\"WebPage\",\"@id\":\"https:\/\/tokajregion.sk\/hu\/\",\"url\":\"https:\/\/tokajregion.sk\/hu\/\",\"name\":\"Domovsk\\u00e1 str\\u00e1nka\"}},{\"@type\":\"ListItem\",\"position\":2,\"item\":{\"@type\":\"WebPage\",\"@id\":\"https:\/\/tokajregion.sk\/hu\/terkep-kalauz\/\",\"url\":\"https:\/\/tokajregion.sk\/hu\/terkep-kalauz\/\",\"name\":\"T\\u00e9rk\\u00e9p kalauz\"}}]}]}<\/script>\n<!-- \/ Yoast SEO plugin. -->","_links":{"self":[{"href":"https:\/\/tokajregion.sk\/hu\/wp-json\/wp\/v2\/pages\/3020"}],"collection":[{"href":"https:\/\/tokajregion.sk\/hu\/wp-json\/wp\/v2\/pages"}],"about":[{"href":"https:\/\/tokajregion.sk\/hu\/wp-json\/wp\/v2\/types\/page"}],"author":[{"embeddable":true,"href":"https:\/\/tokajregion.sk\/hu\/wp-json\/wp\/v2\/users\/1"}],"replies":[{"embeddable":true,"href":"https:\/\/tokajregion.sk\/hu\/wp-json\/wp\/v2\/comments?post=3020"}],"version-history":[{"count":7,"href":"https:\/\/tokajregion.sk\/hu\/wp-json\/wp\/v2\/pages\/3020\/revisions"}],"predecessor-version":[{"id":3045,"href":"https:\/\/tokajregion.sk\/hu\/wp-json\/wp\/v2\/pages\/3020\/revisions\/3045"}],"wp:attachment":[{"href":"https:\/\/tokajregion.sk\/hu\/wp-json\/wp\/v2\/media?parent=3020"}],"curies":[{"name":"wp","href":"https:\/\/api.w.org\/{rel}","templated":true}]}}