{"id":3022,"date":"2016-01-07T13:00:34","date_gmt":"2016-01-07T11:00:34","guid":{"rendered":"https:\/\/tokajregion.sk\/hu\/?page_id=3022"},"modified":"2016-02-04T09:57:48","modified_gmt":"2016-02-04T07:57:48","slug":"mobil-alkalmazas","status":"publish","type":"page","link":"https:\/\/tokajregion.sk\/hu\/mobil-alkalmazas\/","title":{"rendered":"Mobil alkalmaz\u00e1s"},"content":{"rendered":"<div class=\"fusion-one-full fusion-layout-column fusion-column-last fusion-spacing-yes\" style=\"margin-top:0px;margin-bottom:20px;\"><div class=\"fusion-column-wrapper\"><p>A <strong>Tokaj Kalauz<\/strong> mindenki sz\u00e1m\u00e1ra el\u00e9rhet\u0151, f\u0151leg azok sz\u00e1m\u00e1ra lehet hasznos, akik meg szeretn\u00e9k l\u00e1togatni Szlov\u00e1kia legismertebb borvid\u00e9k\u00e9t. Alkalmaz\u00e1sunk \u00e1ltal egy helyen megtal\u00e1lja az \u00f6sszes inform\u00e1ci\u00f3t, melyekre sz\u00fcks\u00e9ge lehet r\u00e9gi\u00f3nkban elt\u00f6lt\u00f6tt tart\u00f3zkod\u00e1sa alatt. Minden sz\u00e1ll\u00e1ssal kapcsolatos inform\u00e1ci\u00f3t egyszer\u0171en megtal\u00e1l, legyen sz\u00f3 c\u00edmr\u0151l, telefonsz\u00e1mr\u00f3l vagy ak\u00e1r e-mail c\u00edmr\u0151l is. Ha \u00d6n is a szenved\u00e9lyes turist\u00e1k k\u00f6z\u00e9 tartozik, akkor biztosan meg\u00f6r\u00fcl azoknak a turista utaknak, melyek teljes pontoss\u00e1ggal vannak kijel\u00f6lve alkalmaz\u00e1sunkban. Nem feledkezt\u00fcnk meg a ker\u00e9kp\u00e1rok szerelmeseir\u0151l sem, \u00edgy t\u00e9rk\u00e9peinken az \u00f6sszes ker\u00e9kp\u00e1r \u00fat is ki van jel\u00f6lve. Mindezekmellett alkalmaz\u00e1sunkban azt tartjuk a legjobbnak, hogy tartalmazza az \u00f6sszes l\u00e1tnival\u00f3t, m\u00fazeumokat, kast\u00e9lyokat \u00e9s ezen fel\u00fcl sok minden m\u00e1s apr\u00f3s\u00e1got, mely seg\u00edteni fogja \u00d6nt vid\u00e9k\u00fcnk\u00f6n elt\u00f6lt\u00f6tt kir\u00e1ndul\u00e1sai sor\u00e1n.<\/p>\n<p>A szlov\u00e1kiai tokaji borvid\u00e9ken a <strong>Tokaj Kalauz<\/strong> alkalmaz\u00e1ssal sokkal egyszer\u0171bb lesz a t\u00e1j\u00e9koz\u00f3d\u00e1s!<\/p>\n<div class=\"fusion-clearfix\"><\/div><\/div><\/div><div class=\"fusion-clearfix\"><\/div><div class=\"fusion-one-half fusion-layout-column fusion-spacing-yes\" style=\"margin-top:0px;margin-bottom:20px;\"><div class=\"fusion-column-wrapper\"><h2 style=\"text-align: center;\" data-fontsize=\"20\" data-lineheight=\"28\"><strong>Android<\/strong><\/h2>\n<div class=\"imageframe-align-center\"><span class=\"fusion-imageframe imageframe-none imageframe-1 hover-type-none\"><a class=\"fusion-no-lightbox\" href=\"https:\/\/play.google.com\/store\/apps\/details?id=sk.modernewebstranky.tokaj&amp;hl=hu\" target=\"_blank\"> <img src=\"https:\/\/tokajregion.sk\/hu\/wp-content\/uploads\/2016\/01\/badge-google-play.jpg\" alt=\"\" class=\"img-responsive\"\/><\/a><\/span><\/div><div class=\"imageframe-align-center\"><span class=\"fusion-imageframe imageframe-none imageframe-2 hover-type-none\"> <img src=\"https:\/\/tokajregion.sk\/hu\/wp-content\/uploads\/2016\/01\/qr-app-hu.jpeg\" alt=\"\" class=\"img-responsive\"\/><\/span><\/div><div class=\"fusion-clearfix\"><\/div><\/div><\/div><div class=\"fusion-one-half fusion-layout-column fusion-column-last fusion-spacing-yes\" style=\"margin-top:0px;margin-bottom:20px;\"><div class=\"fusion-column-wrapper\"><h2 style=\"text-align: center;\" data-fontsize=\"20\" data-lineheight=\"28\"><strong>iOS<\/strong><\/h2>\n<div class=\"imageframe-align-center\"><span class=\"fusion-imageframe imageframe-none imageframe-3 hover-type-none\"><a class=\"fusion-no-lightbox\" href=\"https:\/\/itunes.apple.com\/us\/app\/sprievodca-tokajom\/id1037280022?mt=8\" target=\"_self\"> <img src=\"https:\/\/tokajregion.sk\/hu\/wp-content\/uploads\/2016\/01\/badge-app-store.jpg\" alt=\"\" class=\"img-responsive\"\/><\/a><\/span><\/div><div class=\"imageframe-align-center\"><span class=\"fusion-imageframe imageframe-none imageframe-4 hover-type-none\"> <img src=\"https:\/\/tokajregion.sk\/hu\/wp-content\/uploads\/2016\/01\/qr-appstore.jpeg\" alt=\"\" class=\"img-responsive\"\/><\/span><\/div><div class=\"fusion-clearfix\"><\/div><\/div><\/div><div class=\"fusion-clearfix\"><\/div>\n","protected":false},"excerpt":{"rendered":"","protected":false},"author":1,"featured_media":0,"parent":0,"menu_order":0,"comment_status":"closed","ping_status":"closed","template":"","meta":[],"yoast_head":"<!-- This site is optimized with the Yoast SEO plugin v16.1.1 - https:\/\/yoast.com\/wordpress\/plugins\/seo\/ -->\n<link rel=\"canonical\" href=\"https:\/\/tokajregion.sk\/hu\/mobil-alkalmazas\/\" \/>\n<meta property=\"og:locale\" content=\"sk_SK\" \/>\n<meta property=\"og:type\" content=\"article\" \/>\n<meta property=\"og:title\" content=\"Mobil alkalmaz\u00e1s - Tokaj\" \/>\n<meta property=\"og:url\" content=\"https:\/\/tokajregion.sk\/hu\/mobil-alkalmazas\/\" \/>\n<meta property=\"og:site_name\" content=\"Tokaj\" \/>\n<meta property=\"article:modified_time\" content=\"2016-02-04T07:57:48+00:00\" \/>\n<meta property=\"og:image\" content=\"https:\/\/tokajregion.sk\/hu\/wp-content\/uploads\/2016\/01\/badge-google-play.jpg\" \/>\n<meta name=\"twitter:card\" content=\"summary\" \/>\n<meta name=\"twitter:label1\" content=\"Predpokladan\u00fd \u010das \u010d\u00edtania\">\n\t<meta name=\"twitter:data1\" content=\"3 min\u00faty\">\n<script type=\"application\/ld+json\" class=\"yoast-schema-graph\">{\"@context\":\"https:\/\/schema.org\",\"@graph\":[{\"@type\":\"WebSite\",\"@id\":\"https:\/\/tokajregion.sk\/hu\/#website\",\"url\":\"https:\/\/tokajregion.sk\/hu\/\",\"name\":\"Tokaj\",\"description\":\"csak egy van\",\"potentialAction\":[{\"@type\":\"SearchAction\",\"target\":\"https:\/\/tokajregion.sk\/hu\/?s={search_term_string}\",\"query-input\":\"required name=search_term_string\"}],\"inLanguage\":\"sk-SK\"},{\"@type\":\"ImageObject\",\"@id\":\"https:\/\/tokajregion.sk\/hu\/mobil-alkalmazas\/#primaryimage\",\"inLanguage\":\"sk-SK\",\"url\":\"https:\/\/tokajregion.sk\/hu\/wp-content\/uploads\/2016\/01\/badge-google-play.jpg\",\"contentUrl\":\"https:\/\/tokajregion.sk\/hu\/wp-content\/uploads\/2016\/01\/badge-google-play.jpg\",\"width\":172,\"height\":60},{\"@type\":\"WebPage\",\"@id\":\"https:\/\/tokajregion.sk\/hu\/mobil-alkalmazas\/#webpage\",\"url\":\"https:\/\/tokajregion.sk\/hu\/mobil-alkalmazas\/\",\"name\":\"Mobil alkalmaz\\u00e1s - Tokaj\",\"isPartOf\":{\"@id\":\"https:\/\/tokajregion.sk\/hu\/#website\"},\"primaryImageOfPage\":{\"@id\":\"https:\/\/tokajregion.sk\/hu\/mobil-alkalmazas\/#primaryimage\"},\"datePublished\":\"2016-01-07T11:00:34+00:00\",\"dateModified\":\"2016-02-04T07:57:48+00:00\",\"breadcrumb\":{\"@id\":\"https:\/\/tokajregion.sk\/hu\/mobil-alkalmazas\/#breadcrumb\"},\"inLanguage\":\"sk-SK\",\"potentialAction\":[{\"@type\":\"ReadAction\",\"target\":[\"https:\/\/tokajregion.sk\/hu\/mobil-alkalmazas\/\"]}]},{\"@type\":\"BreadcrumbList\",\"@id\":\"https:\/\/tokajregion.sk\/hu\/mobil-alkalmazas\/#breadcrumb\",\"itemListElement\":[{\"@type\":\"ListItem\",\"position\":1,\"item\":{\"@type\":\"WebPage\",\"@id\":\"https:\/\/tokajregion.sk\/hu\/\",\"url\":\"https:\/\/tokajregion.sk\/hu\/\",\"name\":\"Domovsk\\u00e1 str\\u00e1nka\"}},{\"@type\":\"ListItem\",\"position\":2,\"item\":{\"@type\":\"WebPage\",\"@id\":\"https:\/\/tokajregion.sk\/hu\/mobil-alkalmazas\/\",\"url\":\"https:\/\/tokajregion.sk\/hu\/mobil-alkalmazas\/\",\"name\":\"Mobil alkalmaz\\u00e1s\"}}]}]}<\/script>\n<!-- \/ Yoast SEO plugin. -->","_links":{"self":[{"href":"https:\/\/tokajregion.sk\/hu\/wp-json\/wp\/v2\/pages\/3022"}],"collection":[{"href":"https:\/\/tokajregion.sk\/hu\/wp-json\/wp\/v2\/pages"}],"about":[{"href":"https:\/\/tokajregion.sk\/hu\/wp-json\/wp\/v2\/types\/page"}],"author":[{"embeddable":true,"href":"https:\/\/tokajregion.sk\/hu\/wp-json\/wp\/v2\/users\/1"}],"replies":[{"embeddable":true,"href":"https:\/\/tokajregion.sk\/hu\/wp-json\/wp\/v2\/comments?post=3022"}],"version-history":[{"count":7,"href":"https:\/\/tokajregion.sk\/hu\/wp-json\/wp\/v2\/pages\/3022\/revisions"}],"predecessor-version":[{"id":3041,"href":"https:\/\/tokajregion.sk\/hu\/wp-json\/wp\/v2\/pages\/3022\/revisions\/3041"}],"wp:attachment":[{"href":"https:\/\/tokajregion.sk\/hu\/wp-json\/wp\/v2\/media?parent=3022"}],"curies":[{"name":"wp","href":"https:\/\/api.w.org\/{rel}","templated":true}]}}